{"id":476,"date":"2024-10-14T07:57:21","date_gmt":"2024-10-14T07:57:21","guid":{"rendered":"https:\/\/www.wisemed.eu\/?page_id=476"},"modified":"2025-01-23T00:31:47","modified_gmt":"2025-01-23T00:31:47","slug":"echipa","status":"publish","type":"page","link":"https:\/\/www.wisemed.eu\/en\/companie\/echipa\/","title":{"rendered":"Team &amp; Partners"},"content":{"rendered":"<div data-elementor-type=\"wp-page\" data-elementor-id=\"476\" class=\"elementor elementor-476\">\n\t\t\t\t\t\t<section class=\"elementor-section elementor-top-section elementor-element elementor-element-212696d1 elementor-section-boxed elementor-section-height-default elementor-section-height-default\" data-id=\"212696d1\" data-element_type=\"section\">\n\t\t\t\t\t\t<div class=\"elementor-container elementor-column-gap-no\">\n\t\t\t\t\t<div class=\"elementor-column elementor-col-100 elementor-top-column elementor-element elementor-element-7f29ce1d\" data-id=\"7f29ce1d\" data-element_type=\"column\" data-settings=\"{&quot;background_background&quot;:&quot;gradient&quot;}\">\n\t\t\t<div class=\"elementor-widget-wrap elementor-element-populated\">\n\t\t\t\t\t\t<section class=\"elementor-section elementor-inner-section elementor-element elementor-element-6dd5ee62 elementor-section-boxed elementor-section-height-default elementor-section-height-default\" data-id=\"6dd5ee62\" data-element_type=\"section\" data-settings=\"{&quot;background_background&quot;:&quot;classic&quot;}\">\n\t\t\t\t\t\t<div class=\"elementor-container elementor-column-gap-no\">\n\t\t\t\t\t<div class=\"elementor-column elementor-col-100 elementor-inner-column elementor-element elementor-element-5d0d457d\" data-id=\"5d0d457d\" data-element_type=\"column\">\n\t\t\t<div class=\"elementor-widget-wrap elementor-element-populated\">\n\t\t\t\t\t\t<div class=\"elementor-element elementor-element-525e015e elementor-invisible elementor-widget elementor-widget-heading\" data-id=\"525e015e\" data-element_type=\"widget\" data-settings=\"{&quot;_animation&quot;:&quot;fadeInDown&quot;}\" data-widget_type=\"heading.default\">\n\t\t\t\t<div class=\"elementor-widget-container\">\n\t\t\t<h2 class=\"elementor-heading-title elementor-size-default\">WiseMED Team<\/h2>\t\t<\/div>\n\t\t\t\t<\/div>\n\t\t\t\t<div class=\"elementor-element elementor-element-1632c3e2 elementor-widget__width-initial elementor-widget-tablet__width-inherit elementor-widget-mobile__width-inherit elementor-invisible elementor-widget elementor-widget-text-editor\" data-id=\"1632c3e2\" data-element_type=\"widget\" data-settings=\"{&quot;_animation&quot;:&quot;fadeInUp&quot;}\" data-widget_type=\"text-editor.default\">\n\t\t\t\t<div class=\"elementor-widget-container\">\n\t\t\t\t\t\t\t<p>Innovation, passion and dedication<\/p>\t\t\t\t\t\t<\/div>\n\t\t\t\t<\/div>\n\t\t\t\t\t<\/div>\n\t\t<\/div>\n\t\t\t\t\t<\/div>\n\t\t<\/section>\n\t\t\t\t\t<\/div>\n\t\t<\/div>\n\t\t\t\t\t<\/div>\n\t\t<\/section>\n\t\t\t\t<section class=\"elementor-section elementor-top-section elementor-element elementor-element-6210383d elementor-section-boxed elementor-section-height-default elementor-section-height-default\" data-id=\"6210383d\" data-element_type=\"section\">\n\t\t\t\t\t\t<div class=\"elementor-container elementor-column-gap-default\">\n\t\t\t\t\t<div class=\"elementor-column elementor-col-100 elementor-top-column elementor-element elementor-element-5a4da5e5\" data-id=\"5a4da5e5\" data-element_type=\"column\">\n\t\t\t<div class=\"elementor-widget-wrap elementor-element-populated\">\n\t\t\t\t\t\t<div class=\"elementor-element elementor-element-ed5d84d elementor-widget__width-inherit elementor-widget-mobile__width-inherit animated-slow elementor-invisible elementor-widget elementor-widget-text-editor\" data-id=\"ed5d84d\" data-element_type=\"widget\" data-settings=\"{&quot;_animation&quot;:&quot;fadeInUp&quot;}\" data-widget_type=\"text-editor.default\">\n\t\t\t\t<div class=\"elementor-widget-container\">\n\t\t\t\t\t\t\t<p>Behind WiseMED is a dynamic and innovative team of professionals passionate about technology and health. Combining technical expertise with a deep understanding of our users' needs, we create solutions that not only meet market demands, but also set new standards in the field. We are dedicated to continuous improvement and are committed to turning every challenge into an opportunity.<\/p>\t\t\t\t\t\t<\/div>\n\t\t\t\t<\/div>\n\t\t\t\t<div class=\"elementor-element elementor-element-3c354aef animated-slow elementor-invisible elementor-widget elementor-widget-heading\" data-id=\"3c354aef\" data-element_type=\"widget\" data-settings=\"{&quot;_animation&quot;:&quot;fadeInDown&quot;}\" data-widget_type=\"heading.default\">\n\t\t\t\t<div class=\"elementor-widget-container\">\n\t\t\t<h2 class=\"elementor-heading-title elementor-size-default\">WiseMED Partners<\/h2>\t\t<\/div>\n\t\t\t\t<\/div>\n\t\t\t\t<div class=\"elementor-element elementor-element-4e36b619 elementor-widget__width-inherit elementor-widget-mobile__width-inherit animated-slow elementor-invisible elementor-widget elementor-widget-text-editor\" data-id=\"4e36b619\" data-element_type=\"widget\" data-settings=\"{&quot;_animation&quot;:&quot;fadeInUp&quot;}\" data-widget_type=\"text-editor.default\">\n\t\t\t\t<div class=\"elementor-widget-container\">\n\t\t\t\t\t\t\t<p>Building the future of health together<\/p>\t\t\t\t\t\t<\/div>\n\t\t\t\t<\/div>\n\t\t\t\t<div class=\"elementor-element elementor-element-259ec7e elementor-widget__width-inherit elementor-widget-mobile__width-inherit animated-slow elementor-invisible elementor-widget elementor-widget-text-editor\" data-id=\"259ec7e\" data-element_type=\"widget\" data-settings=\"{&quot;_animation&quot;:&quot;fadeInUp&quot;}\" data-widget_type=\"text-editor.default\">\n\t\t\t\t<div class=\"elementor-widget-container\">\n\t\t\t\t\t\t\t<p>We collaborate with trusted partners who share our vision of providing innovative and sustainable solutions for healthcare facilities. Each strategic partnership helps us expand WiseMED's functionalities, support the digitalization of the healthcare sector, and provide our users with access to the best available technologies.\u201d<\/p>\t\t\t\t\t\t<\/div>\n\t\t\t\t<\/div>\n\t\t\t\t<section class=\"elementor-section elementor-inner-section elementor-element elementor-element-ebe1fe3 elementor-hidden-desktop elementor-hidden-tablet elementor-hidden-mobile elementor-section-boxed elementor-section-height-default elementor-section-height-default\" data-id=\"ebe1fe3\" data-element_type=\"section\">\n\t\t\t\t\t\t<div class=\"elementor-container elementor-column-gap-no\">\n\t\t\t\t\t<div class=\"elementor-column elementor-col-25 elementor-inner-column elementor-element elementor-element-770eeb92 elementor-invisible\" data-id=\"770eeb92\" data-element_type=\"column\" data-settings=\"{&quot;animation&quot;:&quot;fadeInUp&quot;}\">\n\t\t\t<div class=\"elementor-widget-wrap elementor-element-populated\">\n\t\t\t\t\t\t<div class=\"elementor-element elementor-element-7ff21ddc elementor-widget elementor-widget-image\" data-id=\"7ff21ddc\" data-element_type=\"widget\" data-widget_type=\"image.default\">\n\t\t\t\t<div class=\"elementor-widget-container\">\n\t\t\t\t\t\t\t\t\t\t\t\t\t<img fetchpriority=\"high\" decoding=\"async\" width=\"480\" height=\"800\" src=\"https:\/\/www.wisemed.eu\/wp-content\/uploads\/2024\/09\/portrait-of-a-smiling-male-doctor-with-stethoscope-2021-08-26-16-13-58-utc.png\" class=\"attachment-large size-large wp-image-40\" alt=\"\" srcset=\"https:\/\/www.wisemed.eu\/wp-content\/uploads\/2024\/09\/portrait-of-a-smiling-male-doctor-with-stethoscope-2021-08-26-16-13-58-utc.png 480w, https:\/\/www.wisemed.eu\/wp-content\/uploads\/2024\/09\/portrait-of-a-smiling-male-doctor-with-stethoscope-2021-08-26-16-13-58-utc-180x300.png 180w\" sizes=\"(max-width: 480px) 100vw, 480px\" \/>\t\t\t\t\t\t\t\t\t\t\t\t\t<\/div>\n\t\t\t\t<\/div>\n\t\t\t\t<div class=\"elementor-element elementor-element-30da76ca elementor-vertical-align-top elementor-widget elementor-widget-image-box\" data-id=\"30da76ca\" data-element_type=\"widget\" data-widget_type=\"image-box.default\">\n\t\t\t\t<div class=\"elementor-widget-container\">\n\t\t\t<div class=\"elementor-image-box-wrapper\"><div class=\"elementor-image-box-content\"><h3 class=\"elementor-image-box-title\">Founder<\/h3><p class=\"elementor-image-box-description\">Dr. Indra Muliana<\/p><\/div><\/div>\t\t<\/div>\n\t\t\t\t<\/div>\n\t\t\t\t\t<\/div>\n\t\t<\/div>\n\t\t\t\t<div class=\"elementor-column elementor-col-25 elementor-inner-column elementor-element elementor-element-2f7e4aab elementor-invisible\" data-id=\"2f7e4aab\" data-element_type=\"column\" data-settings=\"{&quot;animation&quot;:&quot;fadeInDown&quot;}\">\n\t\t\t<div class=\"elementor-widget-wrap elementor-element-populated\">\n\t\t\t\t\t\t<div class=\"elementor-element elementor-element-511aee8d elementor-widget elementor-widget-image\" data-id=\"511aee8d\" data-element_type=\"widget\" data-widget_type=\"image.default\">\n\t\t\t\t<div class=\"elementor-widget-container\">\n\t\t\t\t\t\t\t\t\t\t\t\t\t<img decoding=\"async\" width=\"480\" height=\"800\" src=\"https:\/\/www.wisemed.eu\/wp-content\/uploads\/2024\/09\/portrait-of-handsome-eye-doctor-sitting-with-ophth-2022-01-11-14-50-36-utc.png\" class=\"attachment-large size-large wp-image-41\" alt=\"\" srcset=\"https:\/\/www.wisemed.eu\/wp-content\/uploads\/2024\/09\/portrait-of-handsome-eye-doctor-sitting-with-ophth-2022-01-11-14-50-36-utc.png 480w, https:\/\/www.wisemed.eu\/wp-content\/uploads\/2024\/09\/portrait-of-handsome-eye-doctor-sitting-with-ophth-2022-01-11-14-50-36-utc-180x300.png 180w\" sizes=\"(max-width: 480px) 100vw, 480px\" \/>\t\t\t\t\t\t\t\t\t\t\t\t\t<\/div>\n\t\t\t\t<\/div>\n\t\t\t\t<div class=\"elementor-element elementor-element-343b10aa elementor-vertical-align-top elementor-widget elementor-widget-image-box\" data-id=\"343b10aa\" data-element_type=\"widget\" data-widget_type=\"image-box.default\">\n\t\t\t\t<div class=\"elementor-widget-container\">\n\t\t\t<div class=\"elementor-image-box-wrapper\"><div class=\"elementor-image-box-content\"><h3 class=\"elementor-image-box-title\">Doctor<\/h3><p class=\"elementor-image-box-description\">Dr. Jonatan Doe<\/p><\/div><\/div>\t\t<\/div>\n\t\t\t\t<\/div>\n\t\t\t\t\t<\/div>\n\t\t<\/div>\n\t\t\t\t<div class=\"elementor-column elementor-col-25 elementor-inner-column elementor-element elementor-element-49f5395b elementor-invisible\" data-id=\"49f5395b\" data-element_type=\"column\" data-settings=\"{&quot;animation&quot;:&quot;fadeInUp&quot;}\">\n\t\t\t<div class=\"elementor-widget-wrap elementor-element-populated\">\n\t\t\t\t\t\t<div class=\"elementor-element elementor-element-ced97ee elementor-widget elementor-widget-image\" data-id=\"ced97ee\" data-element_type=\"widget\" data-widget_type=\"image.default\">\n\t\t\t\t<div class=\"elementor-widget-container\">\n\t\t\t\t\t\t\t\t\t\t\t\t\t<img decoding=\"async\" width=\"480\" height=\"800\" src=\"https:\/\/www.wisemed.eu\/wp-content\/uploads\/2024\/09\/portrait-doctor-and-asian-man-with-tablet-typing-2023-04-20-19-09-35-utc.png\" class=\"attachment-large size-large wp-image-42\" alt=\"\" srcset=\"https:\/\/www.wisemed.eu\/wp-content\/uploads\/2024\/09\/portrait-doctor-and-asian-man-with-tablet-typing-2023-04-20-19-09-35-utc.png 480w, https:\/\/www.wisemed.eu\/wp-content\/uploads\/2024\/09\/portrait-doctor-and-asian-man-with-tablet-typing-2023-04-20-19-09-35-utc-180x300.png 180w\" sizes=\"(max-width: 480px) 100vw, 480px\" \/>\t\t\t\t\t\t\t\t\t\t\t\t\t<\/div>\n\t\t\t\t<\/div>\n\t\t\t\t<div class=\"elementor-element elementor-element-3f8ae156 elementor-vertical-align-top elementor-widget elementor-widget-image-box\" data-id=\"3f8ae156\" data-element_type=\"widget\" data-widget_type=\"image-box.default\">\n\t\t\t\t<div class=\"elementor-widget-container\">\n\t\t\t<div class=\"elementor-image-box-wrapper\"><div class=\"elementor-image-box-content\"><h3 class=\"elementor-image-box-title\">Founder<\/h3><p class=\"elementor-image-box-description\">Dr. Alex Doe<\/p><\/div><\/div>\t\t<\/div>\n\t\t\t\t<\/div>\n\t\t\t\t\t<\/div>\n\t\t<\/div>\n\t\t\t\t<div class=\"elementor-column elementor-col-25 elementor-inner-column elementor-element elementor-element-771f89d7 elementor-invisible\" data-id=\"771f89d7\" data-element_type=\"column\" data-settings=\"{&quot;animation&quot;:&quot;fadeInDown&quot;}\">\n\t\t\t<div class=\"elementor-widget-wrap elementor-element-populated\">\n\t\t\t\t\t\t<div class=\"elementor-element elementor-element-7031e429 elementor-widget elementor-widget-image\" data-id=\"7031e429\" data-element_type=\"widget\" data-widget_type=\"image.default\">\n\t\t\t\t<div class=\"elementor-widget-container\">\n\t\t\t\t\t\t\t\t\t\t\t\t\t<img loading=\"lazy\" decoding=\"async\" width=\"480\" height=\"800\" src=\"https:\/\/www.wisemed.eu\/wp-content\/uploads\/2024\/09\/portrait-of-african-american-doctor-in-hospital-2021-12-09-13-32-36-utc.png\" class=\"attachment-large size-large wp-image-43\" alt=\"\" srcset=\"https:\/\/www.wisemed.eu\/wp-content\/uploads\/2024\/09\/portrait-of-african-american-doctor-in-hospital-2021-12-09-13-32-36-utc.png 480w, https:\/\/www.wisemed.eu\/wp-content\/uploads\/2024\/09\/portrait-of-african-american-doctor-in-hospital-2021-12-09-13-32-36-utc-180x300.png 180w\" sizes=\"(max-width: 480px) 100vw, 480px\" \/>\t\t\t\t\t\t\t\t\t\t\t\t\t<\/div>\n\t\t\t\t<\/div>\n\t\t\t\t<div class=\"elementor-element elementor-element-6f284b2d elementor-vertical-align-top elementor-widget elementor-widget-image-box\" data-id=\"6f284b2d\" data-element_type=\"widget\" data-widget_type=\"image-box.default\">\n\t\t\t\t<div class=\"elementor-widget-container\">\n\t\t\t<div class=\"elementor-image-box-wrapper\"><div class=\"elementor-image-box-content\"><h3 class=\"elementor-image-box-title\">Founder<\/h3><p class=\"elementor-image-box-description\">Prof. Andrew Brown<\/p><\/div><\/div>\t\t<\/div>\n\t\t\t\t<\/div>\n\t\t\t\t\t<\/div>\n\t\t<\/div>\n\t\t\t\t\t<\/div>\n\t\t<\/section>\n\t\t\t\t\t<\/div>\n\t\t<\/div>\n\t\t\t\t\t<\/div>\n\t\t<\/section>\n\t\t\t\t<section class=\"elementor-section elementor-inner-section elementor-element elementor-element-45997f8a elementor-section-boxed elementor-section-height-default elementor-section-height-default\" data-id=\"45997f8a\" data-element_type=\"section\" data-settings=\"{&quot;background_background&quot;:&quot;classic&quot;}\">\n\t\t\t\t\t\t<div class=\"elementor-container elementor-column-gap-default\">\n\t\t\t\t\t<div class=\"elementor-column elementor-col-50 elementor-inner-column elementor-element elementor-element-13fbf0f5\" data-id=\"13fbf0f5\" data-element_type=\"column\">\n\t\t\t<div class=\"elementor-widget-wrap elementor-element-populated\">\n\t\t\t\t\t\t<div class=\"elementor-element elementor-element-46a7bb5e elementor-invisible elementor-widget elementor-widget-heading\" data-id=\"46a7bb5e\" data-element_type=\"widget\" data-settings=\"{&quot;_animation&quot;:&quot;fadeInDown&quot;}\" data-widget_type=\"heading.default\">\n\t\t\t\t<div class=\"elementor-widget-container\">\n\t\t\t<h2 class=\"elementor-heading-title elementor-size-default\">Do you want to be part of our team?<\/h2>\t\t<\/div>\n\t\t\t\t<\/div>\n\t\t\t\t<div class=\"elementor-element elementor-element-f343683 elementor-invisible elementor-widget elementor-widget-heading\" data-id=\"f343683\" data-element_type=\"widget\" data-settings=\"{&quot;_animation&quot;:&quot;fadeInDown&quot;}\" data-widget_type=\"heading.default\">\n\t\t\t\t<div class=\"elementor-widget-container\">\n\t\t\t<h5 class=\"elementor-heading-title elementor-size-default\">Contact us to discover how we can collaborate to transform medical management together!<\/h5>\t\t<\/div>\n\t\t\t\t<\/div>\n\t\t\t\t\t<\/div>\n\t\t<\/div>\n\t\t\t\t<div class=\"elementor-column elementor-col-50 elementor-inner-column elementor-element elementor-element-57079e9d\" data-id=\"57079e9d\" data-element_type=\"column\">\n\t\t\t<div class=\"elementor-widget-wrap elementor-element-populated\">\n\t\t\t\t\t\t<div class=\"elementor-element elementor-element-72f8df9a elementor-align-center elementor-mobile-align-center elementor-widget elementor-widget-button\" data-id=\"72f8df9a\" data-element_type=\"widget\" data-widget_type=\"button.default\">\n\t\t\t\t<div class=\"elementor-widget-container\">\n\t\t\t\t\t\t\t<div class=\"elementor-button-wrapper\">\n\t\t\t\t\t<a class=\"elementor-button elementor-button-link elementor-size-sm\" href=\"https:\/\/www.wisemed.eu\/en\/preturi\/\">\n\t\t\t\t\t\t<span class=\"elementor-button-content-wrapper\">\n\t\t\t\t\t\t\t\t\t<span class=\"elementor-button-text\">Contacteaz\u0103-ne!<\/span>\n\t\t\t\t\t<\/span>\n\t\t\t\t\t<\/a>\n\t\t\t\t<\/div>\n\t\t\t\t\t\t<\/div>\n\t\t\t\t<\/div>\n\t\t\t\t\t<\/div>\n\t\t<\/div>\n\t\t\t\t\t<\/div>\n\t\t<\/section>\n\t\t\t\t<\/div>","protected":false},"excerpt":{"rendered":"<p>Echipa WiseMED Inova\u021bie, pasiune \u0219i dedicare \u00cen spatele WiseMED se afl\u0103 o echip\u0103 dinamic\u0103 \u0219i inovatoare, format\u0103 din profesioni\u0219ti pasiona\u021bi de tehnologie \u0219i s\u0103n\u0103tate. \u00cembin\u00e2nd expertiza tehnic\u0103 cu o \u00een\u021belegere profund\u0103 a nevoilor utilizatorilor no\u0219tri, cre\u0103m solu\u021bii care nu doar r\u0103spund cerin\u021belor pie\u021bei, ci stabilesc noi standarde \u00een domeniu. Suntem dedica\u021bi \u00eembun\u0103t\u0103\u021birii continue \u0219i ne [&hellip;]<\/p>","protected":false},"author":1,"featured_media":0,"parent":469,"menu_order":0,"comment_status":"closed","ping_status":"closed","template":"","meta":{"footnotes":""},"class_list":["post-476","page","type-page","status-publish","hentry"],"_links":{"self":[{"href":"https:\/\/www.wisemed.eu\/en\/wp-json\/wp\/v2\/pages\/476","targetHints":{"allow":["GET"]}}],"collection":[{"href":"https:\/\/www.wisemed.eu\/en\/wp-json\/wp\/v2\/pages"}],"about":[{"href":"https:\/\/www.wisemed.eu\/en\/wp-json\/wp\/v2\/types\/page"}],"author":[{"embeddable":true,"href":"https:\/\/www.wisemed.eu\/en\/wp-json\/wp\/v2\/users\/1"}],"replies":[{"embeddable":true,"href":"https:\/\/www.wisemed.eu\/en\/wp-json\/wp\/v2\/comments?post=476"}],"version-history":[{"count":29,"href":"https:\/\/www.wisemed.eu\/en\/wp-json\/wp\/v2\/pages\/476\/revisions"}],"predecessor-version":[{"id":1092,"href":"https:\/\/www.wisemed.eu\/en\/wp-json\/wp\/v2\/pages\/476\/revisions\/1092"}],"up":[{"embeddable":true,"href":"https:\/\/www.wisemed.eu\/en\/wp-json\/wp\/v2\/pages\/469"}],"wp:attachment":[{"href":"https:\/\/www.wisemed.eu\/en\/wp-json\/wp\/v2\/media?parent=476"}],"curies":[{"name":"wp","href":"https:\/\/api.w.org\/{rel}","templated":true}]}}